{"id":162,"date":"2025-05-06T15:33:33","date_gmt":"2025-05-06T15:33:33","guid":{"rendered":"https:\/\/joslandsarl.com\/?page_id=162"},"modified":"2025-05-23T10:17:19","modified_gmt":"2025-05-23T10:17:19","slug":"a-propos","status":"publish","type":"page","link":"https:\/\/adocontacts.com\/index.php\/a-propos\/","title":{"rendered":"A Propos"},"content":{"rendered":"\t\t<div data-elementor-type=\"wp-page\" data-elementor-id=\"162\" class=\"elementor elementor-162\">\n\t\t\t\t<div class=\"elementor-element elementor-element-722bb1b e-con-full e-flex wpr-particle-no wpr-jarallax-no wpr-parallax-no wpr-sticky-section-no wpr-equal-height-no e-con e-parent\" data-id=\"722bb1b\" data-element_type=\"container\" data-e-type=\"container\">\n\t\t\t\t<div class=\"elementor-element elementor-element-079c857 elementor-widget elementor-widget-heading\" data-id=\"079c857\" data-element_type=\"widget\" data-e-type=\"widget\" data-widget_type=\"heading.default\">\n\t\t\t\t<div class=\"elementor-widget-container\">\n\t\t\t\t\t<h2 class=\"elementor-heading-title elementor-size-default\">Bienvenue sur ADO CONTACTS<\/h2>\t\t\t\t<\/div>\n\t\t\t\t<\/div>\n\t\t\t\t<\/div>\n\t\t<div class=\"elementor-element elementor-element-909eb8a e-con-full e-flex wpr-particle-no wpr-jarallax-no wpr-parallax-no wpr-sticky-section-no wpr-equal-height-no e-con e-parent\" data-id=\"909eb8a\" data-element_type=\"container\" data-e-type=\"container\">\n\t\t\t\t<div class=\"elementor-element elementor-element-9214f1c elementor-widget elementor-widget-heading\" data-id=\"9214f1c\" data-element_type=\"widget\" data-e-type=\"widget\" data-widget_type=\"heading.default\">\n\t\t\t\t<div class=\"elementor-widget-container\">\n\t\t\t\t\t<h3 class=\"elementor-heading-title elementor-size-default\">\u2013 Votre billet pour le monde \u00e0 prix malin !<\/h3>\t\t\t\t<\/div>\n\t\t\t\t<\/div>\n\t\t\t\t<\/div>\n\t\t<div class=\"elementor-element elementor-element-5f0d872 e-con-full e-flex wpr-particle-no wpr-jarallax-no wpr-parallax-no wpr-sticky-section-no wpr-equal-height-no e-con e-parent\" data-id=\"5f0d872\" data-element_type=\"container\" data-e-type=\"container\">\n\t\t\t\t<div class=\"elementor-element elementor-element-443bd4a elementor-widget-divider--view-line elementor-widget elementor-widget-divider\" data-id=\"443bd4a\" data-element_type=\"widget\" data-e-type=\"widget\" data-widget_type=\"divider.default\">\n\t\t\t\t<div class=\"elementor-widget-container\">\n\t\t\t\t\t\t\t<div class=\"elementor-divider\">\n\t\t\t<span class=\"elementor-divider-separator\">\n\t\t\t\t\t\t<\/span>\n\t\t<\/div>\n\t\t\t\t\t\t<\/div>\n\t\t\t\t<\/div>\n\t\t\t\t<\/div>\n\t\t<div class=\"elementor-element elementor-element-6e7f7e6 e-con-full e-flex wpr-particle-no wpr-jarallax-no wpr-parallax-no wpr-sticky-section-no wpr-equal-height-no e-con e-parent\" data-id=\"6e7f7e6\" data-element_type=\"container\" data-e-type=\"container\">\n\t\t<div class=\"elementor-element elementor-element-984abfb e-con-full e-flex wpr-particle-no wpr-jarallax-no wpr-parallax-no wpr-sticky-section-no wpr-equal-height-no e-con e-child\" data-id=\"984abfb\" data-element_type=\"container\" data-e-type=\"container\">\n\t\t\t\t<div class=\"elementor-element elementor-element-cfb263b elementor-widget elementor-widget-image\" data-id=\"cfb263b\" data-element_type=\"widget\" data-e-type=\"widget\" data-widget_type=\"image.default\">\n\t\t\t\t<div class=\"elementor-widget-container\">\n\t\t\t\t\t\t\t\t\t\t\t\t\t\t\t<img fetchpriority=\"high\" decoding=\"async\" width=\"640\" height=\"365\" src=\"https:\/\/adocontacts.com\/wp-content\/uploads\/2025\/05\/baniere-1024x584.jpg\" class=\"attachment-large size-large wp-image-321\" alt=\"\" srcset=\"https:\/\/adocontacts.com\/wp-content\/uploads\/2025\/05\/baniere-1024x584.jpg 1024w, https:\/\/adocontacts.com\/wp-content\/uploads\/2025\/05\/baniere-300x171.jpg 300w, https:\/\/adocontacts.com\/wp-content\/uploads\/2025\/05\/baniere-768x438.jpg 768w, https:\/\/adocontacts.com\/wp-content\/uploads\/2025\/05\/baniere.jpg 1080w\" sizes=\"(max-width: 640px) 100vw, 640px\" \/>\t\t\t\t\t\t\t\t\t\t\t\t\t\t\t<\/div>\n\t\t\t\t<\/div>\n\t\t\t\t<\/div>\n\t\t<div class=\"elementor-element elementor-element-40a153a e-con-full e-flex wpr-particle-no wpr-jarallax-no wpr-parallax-no wpr-sticky-section-no wpr-equal-height-no e-con e-child\" data-id=\"40a153a\" data-element_type=\"container\" data-e-type=\"container\">\n\t\t\t\t<div class=\"elementor-element elementor-element-d8c6816 elementor-widget elementor-widget-text-editor\" data-id=\"d8c6816\" data-element_type=\"widget\" data-e-type=\"widget\" data-widget_type=\"text-editor.default\">\n\t\t\t\t<div class=\"elementor-widget-container\">\n\t\t\t\t\t\t\t\t\t<h3 style=\"text-align: left;\"><strong>ADO CONTACTS<\/strong>\u00a0est votre partenaire de confiance pour r\u00e9server facilement et rapidement vos billets d\u2019avion, au meilleur prix.<\/h3><h3 style=\"text-align: left;\">Que vous partiez en week-end en Europe, en voyage d\u2019affaires ou \u00e0 la d\u00e9couverte de nouvelles destinations lointaines, notre plateforme vous permet d&#8217;avoir acc\u00e8s \u00e0 nos diff\u00e9rents services.<\/h3>\t\t\t\t\t\t\t\t<\/div>\n\t\t\t\t<\/div>\n\t\t\t\t<\/div>\n\t\t\t\t<\/div>\n\t\t<div class=\"elementor-element elementor-element-7592e66 e-con-full e-flex wpr-particle-no wpr-jarallax-no wpr-parallax-no wpr-sticky-section-no wpr-equal-height-no e-con e-parent\" data-id=\"7592e66\" data-element_type=\"container\" data-e-type=\"container\">\n\t\t\t\t<\/div>\n\t\t<div class=\"elementor-element elementor-element-4d6baf8 e-con-full e-flex wpr-particle-no wpr-jarallax-no wpr-parallax-no wpr-sticky-section-no wpr-equal-height-no e-con e-parent\" data-id=\"4d6baf8\" data-element_type=\"container\" data-e-type=\"container\" data-settings=\"{&quot;background_background&quot;:&quot;classic&quot;}\">\n\t\t<div class=\"elementor-element elementor-element-4dba0e2 e-con-full e-flex wpr-particle-no wpr-jarallax-no wpr-parallax-no wpr-sticky-section-no wpr-equal-height-no e-con e-child\" data-id=\"4dba0e2\" data-element_type=\"container\" data-e-type=\"container\">\n\t\t\t\t<div class=\"elementor-element elementor-element-3d1ec2c elementor-widget elementor-widget-text-editor\" data-id=\"3d1ec2c\" data-element_type=\"widget\" data-e-type=\"widget\" data-widget_type=\"text-editor.default\">\n\t\t\t\t<div class=\"elementor-widget-container\">\n\t\t\t\t\t\t\t\t\t<h4><strong>Gr\u00e2ce \u00e0 une interface simple et intuitive, vous pouvez nous contacter et faire r\u00e9server votre vol en un clic, tout en b\u00e9n\u00e9ficiant des meilleurs tarifs, d\u2019options flexibles et d\u2019un paiement 100 % s\u00e9curis\u00e9.<\/strong><\/h4><h4>&#8211; Pourquoi choisir ADO CONTACTS?<\/h4><h4>&#8211; Des prix comp\u00e9titifs sur tous les vols<\/h4><h4>&#8211; Un comparateur rapide et efficace<\/h4><h4>&#8211; Z\u00e9ro frais cach\u00e9, transparence garantie<\/h4><h4>&#8211; Assistance client disponible 7j\/7<\/h4>\t\t\t\t\t\t\t\t<\/div>\n\t\t\t\t<\/div>\n\t\t\t\t<\/div>\n\t\t<div class=\"elementor-element elementor-element-0861d16 e-con-full e-flex wpr-particle-no wpr-jarallax-no wpr-parallax-no wpr-sticky-section-no wpr-equal-height-no e-con e-child\" data-id=\"0861d16\" data-element_type=\"container\" data-e-type=\"container\">\n\t\t\t\t<div class=\"elementor-element elementor-element-081401f elementor-widget elementor-widget-image\" data-id=\"081401f\" data-element_type=\"widget\" data-e-type=\"widget\" data-widget_type=\"image.default\">\n\t\t\t\t<div class=\"elementor-widget-container\">\n\t\t\t\t\t\t\t\t\t\t\t\t\t\t\t<img decoding=\"async\" width=\"512\" height=\"512\" src=\"https:\/\/adocontacts.com\/wp-content\/uploads\/2025\/05\/cropped-logo_carre.jpg\" class=\"attachment-full size-full wp-image-303\" alt=\"\" srcset=\"https:\/\/adocontacts.com\/wp-content\/uploads\/2025\/05\/cropped-logo_carre.jpg 512w, https:\/\/adocontacts.com\/wp-content\/uploads\/2025\/05\/cropped-logo_carre-300x300.jpg 300w, https:\/\/adocontacts.com\/wp-content\/uploads\/2025\/05\/cropped-logo_carre-150x150.jpg 150w, https:\/\/adocontacts.com\/wp-content\/uploads\/2025\/05\/cropped-logo_carre-270x270.jpg 270w, https:\/\/adocontacts.com\/wp-content\/uploads\/2025\/05\/cropped-logo_carre-192x192.jpg 192w, https:\/\/adocontacts.com\/wp-content\/uploads\/2025\/05\/cropped-logo_carre-180x180.jpg 180w, https:\/\/adocontacts.com\/wp-content\/uploads\/2025\/05\/cropped-logo_carre-32x32.jpg 32w\" sizes=\"(max-width: 512px) 100vw, 512px\" \/>\t\t\t\t\t\t\t\t\t\t\t\t\t\t\t<\/div>\n\t\t\t\t<\/div>\n\t\t\t\t<\/div>\n\t\t\t\t<\/div>\n\t\t<div class=\"elementor-element elementor-element-7000b07 e-con-full e-flex wpr-particle-no wpr-jarallax-no wpr-parallax-no wpr-sticky-section-no wpr-equal-height-no e-con e-parent\" data-id=\"7000b07\" data-element_type=\"container\" data-e-type=\"container\">\n\t\t\t\t<\/div>\n\t\t<div class=\"elementor-element elementor-element-751abeb e-con-full e-flex wpr-particle-no wpr-jarallax-no wpr-parallax-no wpr-sticky-section-no wpr-equal-height-no e-con e-parent\" data-id=\"751abeb\" data-element_type=\"container\" data-e-type=\"container\">\n\t\t\t\t<\/div>\n\t\t<div class=\"elementor-element elementor-element-0e0570a e-con-full e-flex wpr-particle-no wpr-jarallax-no wpr-parallax-no wpr-sticky-section-no wpr-equal-height-no e-con e-parent\" data-id=\"0e0570a\" data-element_type=\"container\" data-e-type=\"container\">\n\t\t\t\t<\/div>\n\t\t\t\t<\/div>\n\t\t","protected":false},"excerpt":{"rendered":"<p>Bienvenue sur ADO CONTACTS \u2013 Votre billet pour le monde<\/p>\n","protected":false},"author":1,"featured_media":0,"parent":0,"menu_order":0,"comment_status":"closed","ping_status":"closed","template":"","meta":{"footnotes":""},"class_list":["post-162","page","type-page","status-publish","hentry"],"yoast_head":"<!-- This site is optimized with the Yoast SEO plugin v27.4 - https:\/\/yoast.com\/product\/yoast-seo-wordpress\/ -->\n<title>A Propos - ADO Contacts<\/title>\n<meta name=\"robots\" content=\"index, follow, max-snippet:-1, max-image-preview:large, max-video-preview:-1\" \/>\n<link rel=\"canonical\" href=\"https:\/\/adocontacts.com\/index.php\/a-propos\/\" \/>\n<meta property=\"og:locale\" content=\"en_US\" \/>\n<meta property=\"og:type\" content=\"article\" \/>\n<meta property=\"og:title\" content=\"A Propos - ADO Contacts\" \/>\n<meta property=\"og:description\" content=\"Bienvenue sur ADO CONTACTS \u2013 Votre billet pour le monde\" \/>\n<meta property=\"og:url\" content=\"https:\/\/adocontacts.com\/index.php\/a-propos\/\" \/>\n<meta property=\"og:site_name\" content=\"ADO Contacts\" \/>\n<meta property=\"article:modified_time\" content=\"2025-05-23T10:17:19+00:00\" \/>\n<meta property=\"og:image\" content=\"https:\/\/adocontacts.com\/wp-content\/uploads\/2025\/05\/baniere.jpg\" \/>\n\t<meta property=\"og:image:width\" content=\"1080\" \/>\n\t<meta property=\"og:image:height\" content=\"616\" \/>\n\t<meta property=\"og:image:type\" content=\"image\/jpeg\" \/>\n<meta name=\"twitter:card\" content=\"summary_large_image\" \/>\n<meta name=\"twitter:label1\" content=\"Est. reading time\" \/>\n\t<meta name=\"twitter:data1\" content=\"1 minute\" \/>\n<script type=\"application\/ld+json\" class=\"yoast-schema-graph\">{\"@context\":\"https:\\\/\\\/schema.org\",\"@graph\":[{\"@type\":\"WebPage\",\"@id\":\"https:\\\/\\\/adocontacts.com\\\/index.php\\\/a-propos\\\/\",\"url\":\"https:\\\/\\\/adocontacts.com\\\/index.php\\\/a-propos\\\/\",\"name\":\"A Propos - ADO Contacts\",\"isPartOf\":{\"@id\":\"https:\\\/\\\/adocontacts.com\\\/#website\"},\"primaryImageOfPage\":{\"@id\":\"https:\\\/\\\/adocontacts.com\\\/index.php\\\/a-propos\\\/#primaryimage\"},\"image\":{\"@id\":\"https:\\\/\\\/adocontacts.com\\\/index.php\\\/a-propos\\\/#primaryimage\"},\"thumbnailUrl\":\"https:\\\/\\\/adocontacts.com\\\/wp-content\\\/uploads\\\/2025\\\/05\\\/baniere-1024x584.jpg\",\"datePublished\":\"2025-05-06T15:33:33+00:00\",\"dateModified\":\"2025-05-23T10:17:19+00:00\",\"breadcrumb\":{\"@id\":\"https:\\\/\\\/adocontacts.com\\\/index.php\\\/a-propos\\\/#breadcrumb\"},\"inLanguage\":\"en-US\",\"potentialAction\":[{\"@type\":\"ReadAction\",\"target\":[\"https:\\\/\\\/adocontacts.com\\\/index.php\\\/a-propos\\\/\"]}]},{\"@type\":\"ImageObject\",\"inLanguage\":\"en-US\",\"@id\":\"https:\\\/\\\/adocontacts.com\\\/index.php\\\/a-propos\\\/#primaryimage\",\"url\":\"https:\\\/\\\/adocontacts.com\\\/wp-content\\\/uploads\\\/2025\\\/05\\\/baniere.jpg\",\"contentUrl\":\"https:\\\/\\\/adocontacts.com\\\/wp-content\\\/uploads\\\/2025\\\/05\\\/baniere.jpg\",\"width\":1080,\"height\":616},{\"@type\":\"BreadcrumbList\",\"@id\":\"https:\\\/\\\/adocontacts.com\\\/index.php\\\/a-propos\\\/#breadcrumb\",\"itemListElement\":[{\"@type\":\"ListItem\",\"position\":1,\"name\":\"Home\",\"item\":\"https:\\\/\\\/adocontacts.com\\\/\"},{\"@type\":\"ListItem\",\"position\":2,\"name\":\"A Propos\"}]},{\"@type\":\"WebSite\",\"@id\":\"https:\\\/\\\/adocontacts.com\\\/#website\",\"url\":\"https:\\\/\\\/adocontacts.com\\\/\",\"name\":\"JosLand Sarl\",\"description\":\"\",\"publisher\":{\"@id\":\"https:\\\/\\\/adocontacts.com\\\/#organization\"},\"potentialAction\":[{\"@type\":\"SearchAction\",\"target\":{\"@type\":\"EntryPoint\",\"urlTemplate\":\"https:\\\/\\\/adocontacts.com\\\/?s={search_term_string}\"},\"query-input\":{\"@type\":\"PropertyValueSpecification\",\"valueRequired\":true,\"valueName\":\"search_term_string\"}}],\"inLanguage\":\"en-US\"},{\"@type\":\"Organization\",\"@id\":\"https:\\\/\\\/adocontacts.com\\\/#organization\",\"name\":\"JosLand Sarl\",\"url\":\"https:\\\/\\\/adocontacts.com\\\/\",\"logo\":{\"@type\":\"ImageObject\",\"inLanguage\":\"en-US\",\"@id\":\"https:\\\/\\\/adocontacts.com\\\/#\\\/schema\\\/logo\\\/image\\\/\",\"url\":\"https:\\\/\\\/adocontacts.com\\\/wp-content\\\/uploads\\\/2025\\\/05\\\/cropped-logo_large-1.jpg\",\"contentUrl\":\"https:\\\/\\\/adocontacts.com\\\/wp-content\\\/uploads\\\/2025\\\/05\\\/cropped-logo_large-1.jpg\",\"width\":1115,\"height\":190,\"caption\":\"JosLand Sarl\"},\"image\":{\"@id\":\"https:\\\/\\\/adocontacts.com\\\/#\\\/schema\\\/logo\\\/image\\\/\"}}]}<\/script>\n<!-- \/ Yoast SEO plugin. -->","yoast_head_json":{"title":"A Propos - ADO Contacts","robots":{"index":"index","follow":"follow","max-snippet":"max-snippet:-1","max-image-preview":"max-image-preview:large","max-video-preview":"max-video-preview:-1"},"canonical":"https:\/\/adocontacts.com\/index.php\/a-propos\/","og_locale":"en_US","og_type":"article","og_title":"A Propos - ADO Contacts","og_description":"Bienvenue sur ADO CONTACTS \u2013 Votre billet pour le monde","og_url":"https:\/\/adocontacts.com\/index.php\/a-propos\/","og_site_name":"ADO Contacts","article_modified_time":"2025-05-23T10:17:19+00:00","og_image":[{"width":1080,"height":616,"url":"https:\/\/adocontacts.com\/wp-content\/uploads\/2025\/05\/baniere.jpg","type":"image\/jpeg"}],"twitter_card":"summary_large_image","twitter_misc":{"Est. reading time":"1 minute"},"schema":{"@context":"https:\/\/schema.org","@graph":[{"@type":"WebPage","@id":"https:\/\/adocontacts.com\/index.php\/a-propos\/","url":"https:\/\/adocontacts.com\/index.php\/a-propos\/","name":"A Propos - ADO Contacts","isPartOf":{"@id":"https:\/\/adocontacts.com\/#website"},"primaryImageOfPage":{"@id":"https:\/\/adocontacts.com\/index.php\/a-propos\/#primaryimage"},"image":{"@id":"https:\/\/adocontacts.com\/index.php\/a-propos\/#primaryimage"},"thumbnailUrl":"https:\/\/adocontacts.com\/wp-content\/uploads\/2025\/05\/baniere-1024x584.jpg","datePublished":"2025-05-06T15:33:33+00:00","dateModified":"2025-05-23T10:17:19+00:00","breadcrumb":{"@id":"https:\/\/adocontacts.com\/index.php\/a-propos\/#breadcrumb"},"inLanguage":"en-US","potentialAction":[{"@type":"ReadAction","target":["https:\/\/adocontacts.com\/index.php\/a-propos\/"]}]},{"@type":"ImageObject","inLanguage":"en-US","@id":"https:\/\/adocontacts.com\/index.php\/a-propos\/#primaryimage","url":"https:\/\/adocontacts.com\/wp-content\/uploads\/2025\/05\/baniere.jpg","contentUrl":"https:\/\/adocontacts.com\/wp-content\/uploads\/2025\/05\/baniere.jpg","width":1080,"height":616},{"@type":"BreadcrumbList","@id":"https:\/\/adocontacts.com\/index.php\/a-propos\/#breadcrumb","itemListElement":[{"@type":"ListItem","position":1,"name":"Home","item":"https:\/\/adocontacts.com\/"},{"@type":"ListItem","position":2,"name":"A Propos"}]},{"@type":"WebSite","@id":"https:\/\/adocontacts.com\/#website","url":"https:\/\/adocontacts.com\/","name":"JosLand Sarl","description":"","publisher":{"@id":"https:\/\/adocontacts.com\/#organization"},"potentialAction":[{"@type":"SearchAction","target":{"@type":"EntryPoint","urlTemplate":"https:\/\/adocontacts.com\/?s={search_term_string}"},"query-input":{"@type":"PropertyValueSpecification","valueRequired":true,"valueName":"search_term_string"}}],"inLanguage":"en-US"},{"@type":"Organization","@id":"https:\/\/adocontacts.com\/#organization","name":"JosLand Sarl","url":"https:\/\/adocontacts.com\/","logo":{"@type":"ImageObject","inLanguage":"en-US","@id":"https:\/\/adocontacts.com\/#\/schema\/logo\/image\/","url":"https:\/\/adocontacts.com\/wp-content\/uploads\/2025\/05\/cropped-logo_large-1.jpg","contentUrl":"https:\/\/adocontacts.com\/wp-content\/uploads\/2025\/05\/cropped-logo_large-1.jpg","width":1115,"height":190,"caption":"JosLand Sarl"},"image":{"@id":"https:\/\/adocontacts.com\/#\/schema\/logo\/image\/"}}]}},"_links":{"self":[{"href":"https:\/\/adocontacts.com\/index.php\/wp-json\/wp\/v2\/pages\/162","targetHints":{"allow":["GET"]}}],"collection":[{"href":"https:\/\/adocontacts.com\/index.php\/wp-json\/wp\/v2\/pages"}],"about":[{"href":"https:\/\/adocontacts.com\/index.php\/wp-json\/wp\/v2\/types\/page"}],"author":[{"embeddable":true,"href":"https:\/\/adocontacts.com\/index.php\/wp-json\/wp\/v2\/users\/1"}],"replies":[{"embeddable":true,"href":"https:\/\/adocontacts.com\/index.php\/wp-json\/wp\/v2\/comments?post=162"}],"version-history":[{"count":100,"href":"https:\/\/adocontacts.com\/index.php\/wp-json\/wp\/v2\/pages\/162\/revisions"}],"predecessor-version":[{"id":330,"href":"https:\/\/adocontacts.com\/index.php\/wp-json\/wp\/v2\/pages\/162\/revisions\/330"}],"wp:attachment":[{"href":"https:\/\/adocontacts.com\/index.php\/wp-json\/wp\/v2\/media?parent=162"}],"curies":[{"name":"wp","href":"https:\/\/api.w.org\/{rel}","templated":true}]}}